{"id":2318,"date":"2025-07-02T23:49:45","date_gmt":"2025-07-02T23:49:45","guid":{"rendered":"https:\/\/nanovi-staging.invictus-lead-generation.com\/?page_id=2318"},"modified":"2025-07-02T23:50:30","modified_gmt":"2025-07-02T23:50:30","slug":"bedieningsanleitungen","status":"publish","type":"page","link":"https:\/\/nanovi-staging.invictus-lead-generation.com\/en\/bedieningsanleitungen\/","title":{"rendered":"User Manual"},"content":{"rendered":"<div data-elementor-type=\"wp-page\" data-elementor-id=\"2318\" class=\"elementor elementor-2318\" data-elementor-post-type=\"page\">\n\t\t\t\t<div class=\"elementor-element elementor-element-7b6a841 e-flex e-con-boxed e-con e-parent\" data-id=\"7b6a841\" data-element_type=\"container\">\n\t\t\t\t\t<div class=\"e-con-inner\">\n\t\t\t\t<div class=\"elementor-element elementor-element-d31199e elementor-widget elementor-widget-heading\" data-id=\"d31199e\" data-element_type=\"widget\" data-widget_type=\"heading.default\">\n\t\t\t\t<div class=\"elementor-widget-container\">\n\t\t\t\t\t<h2 class=\"elementor-heading-title elementor-size-default\">Benutzerhandb\u00fccher f\u00fcr NanoVi\u00ae-Produkte und Support\n\n<\/h2>\t\t\t\t<\/div>\n\t\t\t\t<\/div>\n\t\t\t\t<div class=\"elementor-element elementor-element-bdf1d1d elementor-widget elementor-widget-heading\" data-id=\"bdf1d1d\" data-element_type=\"widget\" data-widget_type=\"heading.default\">\n\t\t\t\t<div class=\"elementor-widget-container\">\n\t\t\t\t\t<h3 class=\"elementor-heading-title elementor-size-default\">Downloads\nBenutzerhandb\u00fccher - Medizin<\/h3>\t\t\t\t<\/div>\n\t\t\t\t<\/div>\n\t\t\t\t\t<\/div>\n\t\t\t\t<\/div>\n\t\t<div class=\"elementor-element elementor-element-f44d484 e-flex e-con-boxed e-con e-parent\" data-id=\"f44d484\" data-element_type=\"container\">\n\t\t\t\t\t<div class=\"e-con-inner\">\n\t\t\t\t<div class=\"elementor-element elementor-element-fe723e9 elementor-widget elementor-widget-text-editor\" data-id=\"fe723e9\" data-element_type=\"widget\" data-widget_type=\"text-editor.default\">\n\t\t\t\t<div class=\"elementor-widget-container\">\n\t\t\t\t\t\t\t\t\t<p>Benutzerhandbuch f\u00fcr NanoVi-Ger\u00e4te mit Artikelnummern: 4650-00 \/ 4800-00 \/ 4900-00<\/p>\n<p>Wenn das Ger\u00e4t eingeschaltet ist, wird die Firmware-Version unten rechts auf dem Bildschirm angezeigt und als formatiert angezeigt (Firmware v.#.#)<\/p>\t\t\t\t\t\t\t\t<\/div>\n\t\t\t\t<\/div>\n\t\t\t\t<div class=\"elementor-element elementor-element-eaff523 elementor-widget elementor-widget-text-editor\" data-id=\"eaff523\" data-element_type=\"widget\" data-widget_type=\"text-editor.default\">\n\t\t\t\t<div class=\"elementor-widget-container\">\n\t\t\t\t\t\t\t\t\t<p><strong>F\u00fcr Ger\u00e4te mit Firmware 7.0 und h\u00f6her:<br>\n<\/strong><\/p>\n<p>English:&nbsp;<a href=\"https:\/\/eng3corp.com\/wp-content\/uploads\/2025\/02\/M004M-User-Manual-rev19.pdf\">M004M-User_Manual<\/a><\/p>\n<p>German:&nbsp;<a href=\"https:\/\/eng3corp.com\/wp-content\/uploads\/2025\/02\/M004M-GER-rev19.pdf\">M004M-GER-User_Manual<\/a><\/p>\n<p>Italian:&nbsp;<a href=\"https:\/\/eng3corp.com\/wp-content\/uploads\/2025\/02\/M004M-ITA-User-Manual-rev19.pdf\">M004M-ITA-User_Manual<\/a><\/p>\n<p>Chinese: Nicht verf\u00fcgbar<\/p>\n<p>Turkish:&nbsp;<a href=\"https:\/\/eng3corp.com\/wp-content\/uploads\/2025\/02\/M004M-TUR-User-Manual-rev19-1.pdf\">M004M-TUR-User_Manual<\/a><\/p>\n<p>Spanish: <a href=\"https:\/\/eng3corp.com\/wp-content\/uploads\/2025\/02\/M004M-SPN-User-Manual-rev19.pdf\">M004M-SPN-User_Manual<\/a><\/p>\n<p>French: <a href=\"https:\/\/eng3corp.com\/wp-content\/uploads\/2025\/02\/M004M-FRE-User-Manual-rev19.pdf\">M004M-FRE-User_Manual<\/a><\/p>\n<p><strong>F\u00fcr Ger\u00e4te mit Firmware unter 7.0:<\/strong><\/p>\n<p>English:&nbsp;<a href=\"https:\/\/2mc8xi38be4710aecg2wjow4-wpengine.netdna-ssl.com\/wp-content\/uploads\/2020\/07\/Eng3-M004-M-User_Manual-rev14.pdf\">M004M-User_Manual<\/a><\/p>\n<p>German:&nbsp;<a href=\"https:\/\/2mc8xi38be4710aecg2wjow4-wpengine.netdna-ssl.com\/wp-content\/uploads\/2020\/08\/Eng3-M004-User_Manual-GER-rev09.pdf\">M004M-GER-User_Manual<\/a><\/p>\n<p>Italian:&nbsp;<a href=\"https:\/\/2mc8xi38be4710aecg2wjow4-wpengine.netdna-ssl.com\/wp-content\/uploads\/2020\/08\/Eng3-M282-Italian-User_Manual-rev02.pdf\">M282M-ITA-User_Manual<\/a><\/p>\n<p>Chinese:&nbsp;<a href=\"https:\/\/2mc8xi38be4710aecg2wjow4-wpengine.netdna-ssl.com\/wp-content\/uploads\/2020\/08\/Eng3-M004-CHN-User_Manual-rev11.pdf\">M004M-CHN-User_Manual<\/a><\/p>\n<p>Turkish: Not available<\/p>\t\t\t\t\t\t\t\t<\/div>\n\t\t\t\t<\/div>\n\t\t\t\t<div class=\"elementor-element elementor-element-264ea38 elementor-widget-divider--view-line elementor-widget elementor-widget-divider\" data-id=\"264ea38\" data-element_type=\"widget\" data-widget_type=\"divider.default\">\n\t\t\t\t<div class=\"elementor-widget-container\">\n\t\t\t\t\t\t\t<div class=\"elementor-divider\">\n\t\t\t<span class=\"elementor-divider-separator\">\n\t\t\t\t\t\t<\/span>\n\t\t<\/div>\n\t\t\t\t\t\t<\/div>\n\t\t\t\t<\/div>\n\t\t\t\t<div class=\"elementor-element elementor-element-5f83a3b elementor-widget elementor-widget-heading\" data-id=\"5f83a3b\" data-element_type=\"widget\" data-widget_type=\"heading.default\">\n\t\t\t\t<div class=\"elementor-widget-container\">\n\t\t\t\t\t<h3 class=\"elementor-heading-title elementor-size-default\">Benutzerhandb\u00fccher \u2013 Wellness<\/h3>\t\t\t\t<\/div>\n\t\t\t\t<\/div>\n\t\t\t\t<div class=\"elementor-element elementor-element-17d6802 elementor-widget elementor-widget-text-editor\" data-id=\"17d6802\" data-element_type=\"widget\" data-widget_type=\"text-editor.default\">\n\t\t\t\t<div class=\"elementor-widget-container\">\n\t\t\t\t\t\t\t\t\t<p>Benutzerhandbuch f\u00fcr NanoVi-Ger\u00e4te mit den Artikelnummern: 4650-00-W \/ 4800-00-W \/ 4900-00-W<\/p>\n<p>Beim Einschalten des Ger\u00e4ts wird die Firmware-Version unten rechts auf dem Bildschirm angezeigt (Firmware v.#.#).<\/p>\t\t\t\t\t\t\t\t<\/div>\n\t\t\t\t<\/div>\n\t\t\t\t<div class=\"elementor-element elementor-element-e07b984 elementor-widget elementor-widget-text-editor\" data-id=\"e07b984\" data-element_type=\"widget\" data-widget_type=\"text-editor.default\">\n\t\t\t\t<div class=\"elementor-widget-container\">\n\t\t\t\t\t\t\t\t\t<p><strong>F\u00fcr Ger\u00e4te mit Firmware 7.0 und h\u00f6her:<\/strong><\/p>\n<p>English: <a href=\"https:\/\/eng3corp.com\/wp-content\/uploads\/2022\/11\/M004W-User-Manual-rev18.pdf\">M004W-User_Manual<\/a><\/p>\n<p><strong>F\u00fcr Ger\u00e4te mit Firmware unter 7.0:<\/strong><\/p>\n<p>English:&nbsp;<a href=\"https:\/\/2mc8xi38be4710aecg2wjow4-wpengine.netdna-ssl.com\/wp-content\/uploads\/2020\/07\/Eng3-M004-W-User_Manual-rev15.pdf\">M004W-User_Manual<\/a><\/p>\t\t\t\t\t\t\t\t<\/div>\n\t\t\t\t<\/div>\n\t\t\t\t\t<\/div>\n\t\t\t\t<\/div>\n\t\t\t\t<\/div>","protected":false},"excerpt":{"rendered":"<p>Benutzerhandb\u00fccher f\u00fcr NanoVi\u00ae-Produkte und Support Downloads Benutzerhandb\u00fccher &#8211; Medizin Benutzerhandbuch f\u00fcr NanoVi-Ger\u00e4te mit Artikelnummern: 4650-00 \/ 4800-00 \/ 4900-00 Wenn das Ger\u00e4t eingeschaltet ist, wird die Firmware-Version unten rechts auf dem Bildschirm angezeigt und als formatiert angezeigt (Firmware v.#.#) F\u00fcr Ger\u00e4te mit Firmware 7.0 und h\u00f6her: English:&nbsp;M004M-User_Manual German:&nbsp;M004M-GER-User_Manual Italian:&nbsp;M004M-ITA-User_Manual Chinese: Nicht verf\u00fcgbar Turkish:&nbsp;M004M-TUR-User_Manual Spanish: M004M-SPN-User_Manual [&hellip;]<\/p>","protected":false},"author":3,"featured_media":0,"parent":0,"menu_order":0,"comment_status":"closed","ping_status":"closed","template":"","meta":{"footnotes":""},"class_list":["post-2318","page","type-page","status-publish","hentry"],"yoast_head":"<!-- This site is optimized with the Yoast SEO plugin v25.3 - https:\/\/yoast.com\/wordpress\/plugins\/seo\/ -->\n<title>Bedieningsanleitungen - Nanovi<\/title>\n<meta name=\"robots\" content=\"noindex, follow, max-snippet:-1, max-image-preview:large, max-video-preview:-1\" \/>\n<meta property=\"og:locale\" content=\"en_US\" \/>\n<meta property=\"og:type\" content=\"article\" \/>\n<meta property=\"og:title\" content=\"Bedieningsanleitungen - Nanovi\" \/>\n<meta property=\"og:description\" content=\"Benutzerhandb\u00fccher f\u00fcr NanoVi\u00ae-Produkte und Support Downloads Benutzerhandb\u00fccher &#8211; Medizin Benutzerhandbuch f\u00fcr NanoVi-Ger\u00e4te mit Artikelnummern: 4650-00 \/ 4800-00 \/ 4900-00 Wenn das Ger\u00e4t eingeschaltet ist, wird die Firmware-Version unten rechts auf dem Bildschirm angezeigt und als formatiert angezeigt (Firmware v.#.#) F\u00fcr Ger\u00e4te mit Firmware 7.0 und h\u00f6her: English:&nbsp;M004M-User_Manual German:&nbsp;M004M-GER-User_Manual Italian:&nbsp;M004M-ITA-User_Manual Chinese: Nicht verf\u00fcgbar Turkish:&nbsp;M004M-TUR-User_Manual Spanish: M004M-SPN-User_Manual [&hellip;]\" \/>\n<meta property=\"og:url\" content=\"https:\/\/nanovi-staging.invictus-lead-generation.com\/en\/bedieningsanleitungen\/\" \/>\n<meta property=\"og:site_name\" content=\"Nanovi\" \/>\n<meta property=\"article:modified_time\" content=\"2025-07-02T23:50:30+00:00\" \/>\n<meta name=\"twitter:card\" content=\"summary_large_image\" \/>\n<meta name=\"twitter:label1\" content=\"Est. reading time\" \/>\n\t<meta name=\"twitter:data1\" content=\"1 minute\" \/>\n<script type=\"application\/ld+json\" class=\"yoast-schema-graph\">{\"@context\":\"https:\/\/schema.org\",\"@graph\":[{\"@type\":\"WebPage\",\"@id\":\"https:\/\/nanovi-staging.invictus-lead-generation.com\/bedieningsanleitungen\/\",\"url\":\"https:\/\/nanovi-staging.invictus-lead-generation.com\/bedieningsanleitungen\/\",\"name\":\"Bedieningsanleitungen - Nanovi\",\"isPartOf\":{\"@id\":\"https:\/\/nanovi-staging.invictus-lead-generation.com\/#website\"},\"datePublished\":\"2025-07-02T23:49:45+00:00\",\"dateModified\":\"2025-07-02T23:50:30+00:00\",\"breadcrumb\":{\"@id\":\"https:\/\/nanovi-staging.invictus-lead-generation.com\/bedieningsanleitungen\/#breadcrumb\"},\"inLanguage\":\"en-US\",\"potentialAction\":[{\"@type\":\"ReadAction\",\"target\":[\"https:\/\/nanovi-staging.invictus-lead-generation.com\/bedieningsanleitungen\/\"]}]},{\"@type\":\"BreadcrumbList\",\"@id\":\"https:\/\/nanovi-staging.invictus-lead-generation.com\/bedieningsanleitungen\/#breadcrumb\",\"itemListElement\":[{\"@type\":\"ListItem\",\"position\":1,\"name\":\"Startseite\",\"item\":\"https:\/\/nanovi-staging.invictus-lead-generation.com\/\"},{\"@type\":\"ListItem\",\"position\":2,\"name\":\"Bedieningsanleitungen\"}]},{\"@type\":\"WebSite\",\"@id\":\"https:\/\/nanovi-staging.invictus-lead-generation.com\/#website\",\"url\":\"https:\/\/nanovi-staging.invictus-lead-generation.com\/\",\"name\":\"Nanovi\",\"description\":\"\",\"publisher\":{\"@id\":\"https:\/\/nanovi-staging.invictus-lead-generation.com\/#organization\"},\"potentialAction\":[{\"@type\":\"SearchAction\",\"target\":{\"@type\":\"EntryPoint\",\"urlTemplate\":\"https:\/\/nanovi-staging.invictus-lead-generation.com\/?s={search_term_string}\"},\"query-input\":{\"@type\":\"PropertyValueSpecification\",\"valueRequired\":true,\"valueName\":\"search_term_string\"}}],\"inLanguage\":\"en-US\"},{\"@type\":\"Organization\",\"@id\":\"https:\/\/nanovi-staging.invictus-lead-generation.com\/#organization\",\"name\":\"Nanovi\",\"url\":\"https:\/\/nanovi-staging.invictus-lead-generation.com\/\",\"logo\":{\"@type\":\"ImageObject\",\"inLanguage\":\"en-US\",\"@id\":\"https:\/\/nanovi-staging.invictus-lead-generation.com\/#\/schema\/logo\/image\/\",\"url\":\"https:\/\/nanovi-staging.invictus-lead-generation.com\/wp-content\/uploads\/2025\/07\/NanoviFooterLogov2-1024x228-1-1.png\",\"contentUrl\":\"https:\/\/nanovi-staging.invictus-lead-generation.com\/wp-content\/uploads\/2025\/07\/NanoviFooterLogov2-1024x228-1-1.png\",\"width\":1024,\"height\":228,\"caption\":\"Nanovi\"},\"image\":{\"@id\":\"https:\/\/nanovi-staging.invictus-lead-generation.com\/#\/schema\/logo\/image\/\"}}]}<\/script>\n<!-- \/ Yoast SEO plugin. -->","yoast_head_json":{"title":"Bedieningsanleitungen - Nanovi","robots":{"index":"noindex","follow":"follow","max-snippet":"max-snippet:-1","max-image-preview":"max-image-preview:large","max-video-preview":"max-video-preview:-1"},"og_locale":"en_US","og_type":"article","og_title":"Bedieningsanleitungen - Nanovi","og_description":"Benutzerhandb\u00fccher f\u00fcr NanoVi\u00ae-Produkte und Support Downloads Benutzerhandb\u00fccher &#8211; Medizin Benutzerhandbuch f\u00fcr NanoVi-Ger\u00e4te mit Artikelnummern: 4650-00 \/ 4800-00 \/ 4900-00 Wenn das Ger\u00e4t eingeschaltet ist, wird die Firmware-Version unten rechts auf dem Bildschirm angezeigt und als formatiert angezeigt (Firmware v.#.#) F\u00fcr Ger\u00e4te mit Firmware 7.0 und h\u00f6her: English:&nbsp;M004M-User_Manual German:&nbsp;M004M-GER-User_Manual Italian:&nbsp;M004M-ITA-User_Manual Chinese: Nicht verf\u00fcgbar Turkish:&nbsp;M004M-TUR-User_Manual Spanish: M004M-SPN-User_Manual [&hellip;]","og_url":"https:\/\/nanovi-staging.invictus-lead-generation.com\/en\/bedieningsanleitungen\/","og_site_name":"Nanovi","article_modified_time":"2025-07-02T23:50:30+00:00","twitter_card":"summary_large_image","twitter_misc":{"Est. reading time":"1 minute"},"schema":{"@context":"https:\/\/schema.org","@graph":[{"@type":"WebPage","@id":"https:\/\/nanovi-staging.invictus-lead-generation.com\/bedieningsanleitungen\/","url":"https:\/\/nanovi-staging.invictus-lead-generation.com\/bedieningsanleitungen\/","name":"Bedieningsanleitungen - Nanovi","isPartOf":{"@id":"https:\/\/nanovi-staging.invictus-lead-generation.com\/#website"},"datePublished":"2025-07-02T23:49:45+00:00","dateModified":"2025-07-02T23:50:30+00:00","breadcrumb":{"@id":"https:\/\/nanovi-staging.invictus-lead-generation.com\/bedieningsanleitungen\/#breadcrumb"},"inLanguage":"en-US","potentialAction":[{"@type":"ReadAction","target":["https:\/\/nanovi-staging.invictus-lead-generation.com\/bedieningsanleitungen\/"]}]},{"@type":"BreadcrumbList","@id":"https:\/\/nanovi-staging.invictus-lead-generation.com\/bedieningsanleitungen\/#breadcrumb","itemListElement":[{"@type":"ListItem","position":1,"name":"Startseite","item":"https:\/\/nanovi-staging.invictus-lead-generation.com\/"},{"@type":"ListItem","position":2,"name":"Bedieningsanleitungen"}]},{"@type":"WebSite","@id":"https:\/\/nanovi-staging.invictus-lead-generation.com\/#website","url":"https:\/\/nanovi-staging.invictus-lead-generation.com\/","name":"Nanovi","description":"","publisher":{"@id":"https:\/\/nanovi-staging.invictus-lead-generation.com\/#organization"},"potentialAction":[{"@type":"SearchAction","target":{"@type":"EntryPoint","urlTemplate":"https:\/\/nanovi-staging.invictus-lead-generation.com\/?s={search_term_string}"},"query-input":{"@type":"PropertyValueSpecification","valueRequired":true,"valueName":"search_term_string"}}],"inLanguage":"en-US"},{"@type":"Organization","@id":"https:\/\/nanovi-staging.invictus-lead-generation.com\/#organization","name":"Nanovi","url":"https:\/\/nanovi-staging.invictus-lead-generation.com\/","logo":{"@type":"ImageObject","inLanguage":"en-US","@id":"https:\/\/nanovi-staging.invictus-lead-generation.com\/#\/schema\/logo\/image\/","url":"https:\/\/nanovi-staging.invictus-lead-generation.com\/wp-content\/uploads\/2025\/07\/NanoviFooterLogov2-1024x228-1-1.png","contentUrl":"https:\/\/nanovi-staging.invictus-lead-generation.com\/wp-content\/uploads\/2025\/07\/NanoviFooterLogov2-1024x228-1-1.png","width":1024,"height":228,"caption":"Nanovi"},"image":{"@id":"https:\/\/nanovi-staging.invictus-lead-generation.com\/#\/schema\/logo\/image\/"}}]}},"_links":{"self":[{"href":"https:\/\/nanovi-staging.invictus-lead-generation.com\/en\/wp-json\/wp\/v2\/pages\/2318","targetHints":{"allow":["GET"]}}],"collection":[{"href":"https:\/\/nanovi-staging.invictus-lead-generation.com\/en\/wp-json\/wp\/v2\/pages"}],"about":[{"href":"https:\/\/nanovi-staging.invictus-lead-generation.com\/en\/wp-json\/wp\/v2\/types\/page"}],"author":[{"embeddable":true,"href":"https:\/\/nanovi-staging.invictus-lead-generation.com\/en\/wp-json\/wp\/v2\/users\/3"}],"replies":[{"embeddable":true,"href":"https:\/\/nanovi-staging.invictus-lead-generation.com\/en\/wp-json\/wp\/v2\/comments?post=2318"}],"version-history":[{"count":0,"href":"https:\/\/nanovi-staging.invictus-lead-generation.com\/en\/wp-json\/wp\/v2\/pages\/2318\/revisions"}],"wp:attachment":[{"href":"https:\/\/nanovi-staging.invictus-lead-generation.com\/en\/wp-json\/wp\/v2\/media?parent=2318"}],"curies":[{"name":"wp","href":"https:\/\/api.w.org\/{rel}","templated":true}]}}