{"id":4126,"date":"2026-01-05T09:52:12","date_gmt":"2026-01-05T09:52:12","guid":{"rendered":"https:\/\/nanovi-staging.invictus-lead-generation.com\/?page_id=4126"},"modified":"2026-01-29T13:40:36","modified_gmt":"2026-01-29T13:40:36","slug":"einrichtung-und-betrieb","status":"publish","type":"page","link":"https:\/\/nanovi-staging.invictus-lead-generation.com\/en\/einrichtung-und-betrieb\/","title":{"rendered":"Einrichtung und Betrieb"},"content":{"rendered":"<div data-elementor-type=\"wp-page\" data-elementor-id=\"4126\" class=\"elementor elementor-4126\" data-elementor-post-type=\"page\">\n\t\t\t\t<div class=\"elementor-element elementor-element-2427cc8 e-flex e-con-boxed e-con e-parent\" data-id=\"2427cc8\" data-element_type=\"container\">\n\t\t\t\t\t<div class=\"e-con-inner\">\n\t\t<div class=\"elementor-element elementor-element-29de7ad e-con-full e-flex e-con e-child\" data-id=\"29de7ad\" data-element_type=\"container\">\n\t\t\t\t<div class=\"elementor-element elementor-element-70e714e2 elementor-widget elementor-widget-heading\" data-id=\"70e714e2\" data-element_type=\"widget\" data-widget_type=\"heading.default\">\n\t\t\t\t<div class=\"elementor-widget-container\">\n\t\t\t\t\t<h1 class=\"elementor-heading-title elementor-size-default\">Einrichtung und Betrieb<\/h1>\t\t\t\t<\/div>\n\t\t\t\t<\/div>\n\t\t\t\t<div class=\"elementor-element elementor-element-08ab11b elementor-widget elementor-widget-heading\" data-id=\"08ab11b\" data-element_type=\"widget\" data-widget_type=\"heading.default\">\n\t\t\t\t<div class=\"elementor-widget-container\">\n\t\t\t\t\t<h4 class=\"elementor-heading-title elementor-size-default\">Einfache Handhabung, maximaler Therapieerfolg<\/h4>\t\t\t\t<\/div>\n\t\t\t\t<\/div>\n\t\t\t\t<\/div>\n\t\t\t\t<div class=\"elementor-element elementor-element-6085fb2a elementor-widget elementor-widget-image\" data-id=\"6085fb2a\" data-element_type=\"widget\" data-widget_type=\"image.default\">\n\t\t\t\t<div class=\"elementor-widget-container\">\n\t\t\t\t\t\t\t\t\t\t\t\t\t\t\t<img fetchpriority=\"high\" decoding=\"async\" width=\"800\" height=\"737\" src=\"https:\/\/nanovi-staging.invictus-lead-generation.com\/wp-content\/uploads\/2025\/07\/NanoVi-Exo-e1662504085858-1024x943.png\" class=\"attachment-large size-large wp-image-3467\" alt=\"\" srcset=\"https:\/\/nanovi-staging.invictus-lead-generation.com\/wp-content\/uploads\/2025\/07\/NanoVi-Exo-e1662504085858-1024x943.png 1024w, https:\/\/nanovi-staging.invictus-lead-generation.com\/wp-content\/uploads\/2025\/07\/NanoVi-Exo-e1662504085858-300x276.png 300w, https:\/\/nanovi-staging.invictus-lead-generation.com\/wp-content\/uploads\/2025\/07\/NanoVi-Exo-e1662504085858-768x707.png 768w, https:\/\/nanovi-staging.invictus-lead-generation.com\/wp-content\/uploads\/2025\/07\/NanoVi-Exo-e1662504085858-13x12.png 13w, https:\/\/nanovi-staging.invictus-lead-generation.com\/wp-content\/uploads\/2025\/07\/NanoVi-Exo-e1662504085858.png 1133w\" sizes=\"(max-width: 800px) 100vw, 800px\" \/>\t\t\t\t\t\t\t\t\t\t\t\t\t\t\t<\/div>\n\t\t\t\t<\/div>\n\t\t\t\t\t<\/div>\n\t\t\t\t<\/div>\n\t\t<div class=\"elementor-element elementor-element-d96b8d3 e-flex e-con-boxed e-con e-parent\" data-id=\"d96b8d3\" data-element_type=\"container\">\n\t\t\t\t\t<div class=\"e-con-inner\">\n\t\t\t\t<div class=\"elementor-element elementor-element-5f42f15 elementor-widget elementor-widget-video\" data-id=\"5f42f15\" data-element_type=\"widget\" data-settings=\"{&quot;youtube_url&quot;:&quot;https:\\\/\\\/www.youtube.com\\\/watch?v=jQ3Op42t-IU&quot;,&quot;video_type&quot;:&quot;youtube&quot;,&quot;controls&quot;:&quot;yes&quot;}\" data-widget_type=\"video.default\">\n\t\t\t\t<div class=\"elementor-widget-container\">\n\t\t\t\t\t\t\t<div class=\"elementor-wrapper elementor-open-inline\">\n\t\t\t<div class=\"elementor-video\"><\/div>\t\t<\/div>\n\t\t\t\t\t\t<\/div>\n\t\t\t\t<\/div>\n\t\t\t\t\t<\/div>\n\t\t\t\t<\/div>\n\t\t<div class=\"elementor-element elementor-element-57330ee e-flex e-con-boxed e-con e-parent\" data-id=\"57330ee\" data-element_type=\"container\">\n\t\t\t\t\t<div class=\"e-con-inner\">\n\t\t\t\t<div class=\"elementor-element elementor-element-6b01d4b elementor-widget elementor-widget-heading\" data-id=\"6b01d4b\" data-element_type=\"widget\" data-widget_type=\"heading.default\">\n\t\t\t\t<div class=\"elementor-widget-container\">\n\t\t\t\t\t<h2 class=\"elementor-heading-title elementor-size-default\">Einrichtung<\/h2>\t\t\t\t<\/div>\n\t\t\t\t<\/div>\n\t\t\t\t<div class=\"elementor-element elementor-element-86906f3 elementor-widget elementor-widget-text-editor\" data-id=\"86906f3\" data-element_type=\"widget\" data-widget_type=\"text-editor.default\">\n\t\t\t\t<div class=\"elementor-widget-container\">\n\t\t\t\t\t\t\t\t\t<p><b>Wasser einf\u00fcllen: <\/b>F\u00fcllen Sie den Glasbeh\u00e4lter mit destilliertem, gereinigtem oder osmotischem Wasser. Achten Sie darauf, dass der Wasserstand zwischen den Markierungen liegt.<\/p><p><b>Befeuchter montieren und einsetzen: <\/b>Schrauben Sie den Befeuchteraufsatz auf den Glasbeh\u00e4lter und setzen Sie die Einheit anschlie\u00dfend oben in das NanoVi-Ger\u00e4t ein. Achten Sie dabei auf den korrekten Sitz des beiden R\u00f6hrchen.<\/p><p><b>Stromanschluss: <\/b>Schlie\u00dfen Sie das Netzkabel an das Netzteil, das Netzteil an das NanoVi Ger\u00e4t und das Netzkabel an eine Steckdose.<\/p><p><b>Zuf\u00fchrungsmethode anschlie\u00dfen: <\/b>Verbinden Sie die Nasenkan\u00fcle oder ein Einweg-Pappr\u00f6hrchen mit dem flexiblen Arm. Verwenden Sie f\u00fcr jeden Benutzer eine neue Nasenkan\u00fcle, um Kreuzkontaminationen zu vermeiden.<\/p>\t\t\t\t\t\t\t\t<\/div>\n\t\t\t\t<\/div>\n\t\t\t\t\t<\/div>\n\t\t\t\t<\/div>\n\t\t<div class=\"elementor-element elementor-element-f0c3983 e-flex e-con-boxed e-con e-parent\" data-id=\"f0c3983\" data-element_type=\"container\">\n\t\t\t\t\t<div class=\"e-con-inner\">\n\t\t\t\t<div class=\"elementor-element elementor-element-d25de54 elementor-widget elementor-widget-heading\" data-id=\"d25de54\" data-element_type=\"widget\" data-widget_type=\"heading.default\">\n\t\t\t\t<div class=\"elementor-widget-container\">\n\t\t\t\t\t<h2 class=\"elementor-heading-title elementor-size-default\">Betrieb<\/h2>\t\t\t\t<\/div>\n\t\t\t\t<\/div>\n\t\t\t\t<div class=\"elementor-element elementor-element-00f0e7d elementor-widget elementor-widget-text-editor\" data-id=\"00f0e7d\" data-element_type=\"widget\" data-widget_type=\"text-editor.default\">\n\t\t\t\t<div class=\"elementor-widget-container\">\n\t\t\t\t\t\t\t\t\t<p><b>Einschalten: <\/b>Dr\u00fccken Sie den Ein-\/Ausschalter und warten Sie, bis der Selbsttest des Ger\u00e4ts abgeschlossen ist.<\/p><p><b>Kan\u00fcle\/Schlauch positionieren: <\/b>F\u00fchren Sie die Nasenkan\u00fcle in die Nase des Benutzers ein oder positionieren Sie das Ende des flexiblen Arms mit einem Einweg-Pappr\u00f6hrchen vor der Nase des Benutzers.<\/p><p><b>Sitzungsdauer einstellen: <\/b>Stellen Sie die gew\u00fcnschte Sitzungsdauer \u00fcber den Touchscreen ein. Professionelle Ger\u00e4te verwenden hierf\u00fcr m\u00f6glicherweise das Smartcard-System.<\/p><p><b>Sitzung starten<\/b>: Starten Sie die Sitzung durch Dr\u00fccken des blauen Startpfeils. Atmen Sie dabei ruhig.<\/p><p><b>Sitzung verwalten: <\/b>Sitzungen k\u00f6nnen \u00fcber die Bedienelemente auf dem Bildschirm gestoppt, pausiert oder fortgesetzt werden.<\/p><p><b>Automatische Abschaltung: <\/b>Das Ger\u00e4t schaltet sich nach Beendigung der Sitzung automatisch aus.<\/p><p><b>Ausschalten<\/b>: Schalten Sie das Ger\u00e4t nach der Sitzung mit dem Ein-\/Ausschalter aus. Es schaltet sich au\u00dferdem nach 15 Minuten Inaktivit\u00e4t automatisch ab.<\/p><p>F\u00fcr detailliertere Anweisungen, einschlie\u00dflich Fehlerbehebung und spezifischer Betriebsmodi, konsultieren Sie bitte die offiziellen Benutzerhandb\u00fccher.<\/p>\t\t\t\t\t\t\t\t<\/div>\n\t\t\t\t<\/div>\n\t\t\t\t\t<\/div>\n\t\t\t\t<\/div>\n\t\t<div class=\"elementor-element elementor-element-7ed94eb e-flex e-con-boxed e-con e-parent\" data-id=\"7ed94eb\" data-element_type=\"container\" data-settings=\"{&quot;background_background&quot;:&quot;gradient&quot;}\">\n\t\t\t\t\t<div class=\"e-con-inner\">\n\t\t\t\t<div class=\"elementor-element elementor-element-cb77f0d elementor-widget elementor-widget-heading\" data-id=\"cb77f0d\" data-element_type=\"widget\" data-widget_type=\"heading.default\">\n\t\t\t\t<div class=\"elementor-widget-container\">\n\t\t\t\t\t<h2 class=\"elementor-heading-title elementor-size-default\">FAQ<\/h2>\t\t\t\t<\/div>\n\t\t\t\t<\/div>\n\t\t\t\t<div class=\"elementor-element elementor-element-ed5da4c elementor-widget__width-initial elementor-widget elementor-widget-n-accordion\" data-id=\"ed5da4c\" data-element_type=\"widget\" data-settings=\"{&quot;n_accordion_animation_duration&quot;:{&quot;unit&quot;:&quot;ms&quot;,&quot;size&quot;:200,&quot;sizes&quot;:[]},&quot;default_state&quot;:&quot;expanded&quot;,&quot;max_items_expended&quot;:&quot;one&quot;}\" data-widget_type=\"nested-accordion.default\">\n\t\t\t\t<div class=\"elementor-widget-container\">\n\t\t\t\t\t\t\t<div class=\"e-n-accordion\" aria-label=\"Accordion. Open links with Enter or Space, close with Escape, and navigate with Arrow Keys\">\n\t\t\t\t\t\t<details id=\"e-n-accordion-item-2480\" class=\"e-n-accordion-item\" open>\n\t\t\t\t<summary class=\"e-n-accordion-item-title\" data-accordion-index=\"1\" tabindex=\"0\" aria-expanded=\"true\" aria-controls=\"e-n-accordion-item-2480\" >\n\t\t\t\t\t<span class='e-n-accordion-item-title-header'><div class=\"e-n-accordion-item-title-text\"> Welches Wasser kann ich mit dem NanoVi Ger\u00e4t verwenden? <\/div><\/span>\n\t\t\t\t\t\t\t<span class='e-n-accordion-item-title-icon'>\n\t\t\t<span class='e-opened' ><i aria-hidden=\"true\" class=\"icon icon-minus\"><\/i><\/span>\n\t\t\t<span class='e-closed'><i aria-hidden=\"true\" class=\"icon icon-plus\"><\/i><\/span>\n\t\t<\/span>\n\n\t\t\t\t\t\t<\/summary>\n\t\t\t\t<div role=\"region\" aria-labelledby=\"e-n-accordion-item-2480\" class=\"elementor-element elementor-element-923cc4d e-con-full e-flex e-con e-child\" data-id=\"923cc4d\" data-element_type=\"container\">\n\t\t<div role=\"region\" aria-labelledby=\"e-n-accordion-item-2480\" class=\"elementor-element elementor-element-6c08e88 e-flex e-con-boxed e-con e-child\" data-id=\"6c08e88\" data-element_type=\"container\">\n\t\t\t\t\t<div class=\"e-con-inner\">\n\t\t\t\t<div class=\"elementor-element elementor-element-c6efc89 elementor-widget elementor-widget-text-editor\" data-id=\"c6efc89\" data-element_type=\"widget\" data-widget_type=\"text-editor.default\">\n\t\t\t\t<div class=\"elementor-widget-container\">\n\t\t\t\t\t\t\t\t\t<p data-start=\"127\" data-end=\"236\">Zur Erzeugung der Luftfeuchtigkeit zwischen dem Ger\u00e4t und dem Anwender sollte gem\u00e4ss Bedienungsanleitung destilliertes Wasser verwendet werden, da dies mineralfrei und sauber ist und keine Aromastoffe und kein Chlor enth\u00e4lt. Sollte eine Filterung dies ebenfalls gew\u00e4hrleisten, kann auch gefiltertes Wasser verwendet werden.<\/p>\t\t\t\t\t\t\t\t<\/div>\n\t\t\t\t<\/div>\n\t\t\t\t\t<\/div>\n\t\t\t\t<\/div>\n\t\t\t\t<\/div>\n\t\t\t\t\t<\/details>\n\t\t\t\t\t\t<details id=\"e-n-accordion-item-2481\" class=\"e-n-accordion-item\" >\n\t\t\t\t<summary class=\"e-n-accordion-item-title\" data-accordion-index=\"2\" tabindex=\"-1\" aria-expanded=\"false\" aria-controls=\"e-n-accordion-item-2481\" >\n\t\t\t\t\t<span class='e-n-accordion-item-title-header'><div class=\"e-n-accordion-item-title-text\"> Wie oft soll das Wasser gewechselt werden? <\/div><\/span>\n\t\t\t\t\t\t\t<span class='e-n-accordion-item-title-icon'>\n\t\t\t<span class='e-opened' ><i aria-hidden=\"true\" class=\"icon icon-minus\"><\/i><\/span>\n\t\t\t<span class='e-closed'><i aria-hidden=\"true\" class=\"icon icon-plus\"><\/i><\/span>\n\t\t<\/span>\n\n\t\t\t\t\t\t<\/summary>\n\t\t\t\t<div role=\"region\" aria-labelledby=\"e-n-accordion-item-2481\" class=\"elementor-element elementor-element-cac2dd1 e-con-full e-flex e-con e-child\" data-id=\"cac2dd1\" data-element_type=\"container\">\n\t\t\t\t<div class=\"elementor-element elementor-element-492ae67 elementor-widget elementor-widget-text-editor\" data-id=\"492ae67\" data-element_type=\"widget\" data-widget_type=\"text-editor.default\">\n\t\t\t\t<div class=\"elementor-widget-container\">\n\t\t\t\t\t\t\t\t\t<p data-start=\"562\" data-end=\"712\">In privater Umgebung braucht das Wasser nur nachgef\u00fcllt werden, solange die Sauberkeit ihrer Trinkqualit\u00e4t von Wasser entspricht.<\/p><p data-start=\"719\" data-end=\"907\">In professioneller Umgebung sollte das Wasser t\u00e4glich erneuert werden, insbesondere wenn die Umgebung eine Verunreinigung des Wassers durch die angesaugte Umgebungsluft verursachen kann.<\/p>\t\t\t\t\t\t\t\t<\/div>\n\t\t\t\t<\/div>\n\t\t\t\t<\/div>\n\t\t\t\t\t<\/details>\n\t\t\t\t\t\t<details id=\"e-n-accordion-item-2482\" class=\"e-n-accordion-item\" >\n\t\t\t\t<summary class=\"e-n-accordion-item-title\" data-accordion-index=\"3\" tabindex=\"-1\" aria-expanded=\"false\" aria-controls=\"e-n-accordion-item-2482\" >\n\t\t\t\t\t<span class='e-n-accordion-item-title-header'><div class=\"e-n-accordion-item-title-text\"> Wie oft kann eine Nasenbrille verwendet werden? <\/div><\/span>\n\t\t\t\t\t\t\t<span class='e-n-accordion-item-title-icon'>\n\t\t\t<span class='e-opened' ><i aria-hidden=\"true\" class=\"icon icon-minus\"><\/i><\/span>\n\t\t\t<span class='e-closed'><i aria-hidden=\"true\" class=\"icon icon-plus\"><\/i><\/span>\n\t\t<\/span>\n\n\t\t\t\t\t\t<\/summary>\n\t\t\t\t<div role=\"region\" aria-labelledby=\"e-n-accordion-item-2482\" class=\"elementor-element elementor-element-228f76b e-con-full e-flex e-con e-child\" data-id=\"228f76b\" data-element_type=\"container\">\n\t\t\t\t<div class=\"elementor-element elementor-element-1bf1bd7 elementor-widget elementor-widget-text-editor\" data-id=\"1bf1bd7\" data-element_type=\"widget\" data-widget_type=\"text-editor.default\">\n\t\t\t\t<div class=\"elementor-widget-container\">\n\t\t\t\t\t\t\t\t\t<p data-start=\"127\" data-end=\"236\">Jeder Anwender sollte eine eigene Nasenbrille verwenden. Diese kann er nach pers\u00f6nlichen Ermessen mehrfach verwenden.<\/p>\t\t\t\t\t\t\t\t<\/div>\n\t\t\t\t<\/div>\n\t\t\t\t<\/div>\n\t\t\t\t\t<\/details>\n\t\t\t\t\t<\/div>\n\t\t\t\t\t\t<\/div>\n\t\t\t\t<\/div>\n\t\t\t\t<div class=\"elementor-element elementor-element-96988f3 elementor-tablet-align-left elementor-align-center elementor-widget elementor-widget-button\" data-id=\"96988f3\" data-element_type=\"widget\" data-widget_type=\"button.default\">\n\t\t\t\t<div class=\"elementor-widget-container\">\n\t\t\t\t\t\t\t\t\t<div class=\"elementor-button-wrapper\">\n\t\t\t\t\t<a class=\"elementor-button elementor-button-link elementor-size-sm\" href=\"https:\/\/nanovi-staging.invictus-lead-generation.com\/en\/faqs\/\">\n\t\t\t\t\t\t<span class=\"elementor-button-content-wrapper\">\n\t\t\t\t\t\t\t\t\t<span class=\"elementor-button-text\">Alle Fragen und Antworten<\/span>\n\t\t\t\t\t<\/span>\n\t\t\t\t\t<\/a>\n\t\t\t\t<\/div>\n\t\t\t\t\t\t\t\t<\/div>\n\t\t\t\t<\/div>\n\t\t\t\t\t<\/div>\n\t\t\t\t<\/div>\n\t\t\t\t<\/div>","protected":false},"excerpt":{"rendered":"<p>Einrichtung und Betrieb Einfache Handhabung, maximaler Therapieerfolg Einrichtung Wasser einf\u00fcllen: F\u00fcllen Sie den Glasbeh\u00e4lter mit destilliertem, gereinigtem oder osmotischem Wasser. Achten Sie darauf, dass der Wasserstand zwischen den Markierungen liegt. Befeuchter montieren und einsetzen: Schrauben Sie den Befeuchteraufsatz auf den Glasbeh\u00e4lter und setzen Sie die Einheit anschlie\u00dfend oben in das NanoVi-Ger\u00e4t ein. Achten Sie dabei [&hellip;]<\/p>","protected":false},"author":5,"featured_media":0,"parent":0,"menu_order":0,"comment_status":"closed","ping_status":"closed","template":"","meta":{"footnotes":""},"class_list":["post-4126","page","type-page","status-publish","hentry"],"yoast_head":"<!-- This site is optimized with the Yoast SEO plugin v25.3 - https:\/\/yoast.com\/wordpress\/plugins\/seo\/ -->\n<title>Einrichtung und Betrieb - Nanovi<\/title>\n<meta name=\"robots\" content=\"noindex, follow, max-snippet:-1, max-image-preview:large, max-video-preview:-1\" \/>\n<meta property=\"og:locale\" content=\"en_US\" \/>\n<meta property=\"og:type\" content=\"article\" \/>\n<meta property=\"og:title\" content=\"Einrichtung und Betrieb - Nanovi\" \/>\n<meta property=\"og:description\" content=\"Einrichtung und Betrieb Einfache Handhabung, maximaler Therapieerfolg Einrichtung Wasser einf\u00fcllen: F\u00fcllen Sie den Glasbeh\u00e4lter mit destilliertem, gereinigtem oder osmotischem Wasser. Achten Sie darauf, dass der Wasserstand zwischen den Markierungen liegt. Befeuchter montieren und einsetzen: Schrauben Sie den Befeuchteraufsatz auf den Glasbeh\u00e4lter und setzen Sie die Einheit anschlie\u00dfend oben in das NanoVi-Ger\u00e4t ein. Achten Sie dabei [&hellip;]\" \/>\n<meta property=\"og:url\" content=\"https:\/\/nanovi-staging.invictus-lead-generation.com\/en\/einrichtung-und-betrieb\/\" \/>\n<meta property=\"og:site_name\" content=\"Nanovi\" \/>\n<meta property=\"article:modified_time\" content=\"2026-01-29T13:40:36+00:00\" \/>\n<meta property=\"og:image\" content=\"https:\/\/nanovi-staging.invictus-lead-generation.com\/wp-content\/uploads\/2025\/07\/NanoVi-Exo-e1662504085858.png\" \/>\n\t<meta property=\"og:image:width\" content=\"1133\" \/>\n\t<meta property=\"og:image:height\" content=\"1043\" \/>\n\t<meta property=\"og:image:type\" content=\"image\/png\" \/>\n<meta name=\"twitter:card\" content=\"summary_large_image\" \/>\n<meta name=\"twitter:label1\" content=\"Est. reading time\" \/>\n\t<meta name=\"twitter:data1\" content=\"3 minutes\" \/>\n<script type=\"application\/ld+json\" class=\"yoast-schema-graph\">{\"@context\":\"https:\/\/schema.org\",\"@graph\":[{\"@type\":\"WebPage\",\"@id\":\"https:\/\/nanovi-staging.invictus-lead-generation.com\/einrichtung-und-betrieb\/\",\"url\":\"https:\/\/nanovi-staging.invictus-lead-generation.com\/einrichtung-und-betrieb\/\",\"name\":\"Einrichtung und Betrieb - Nanovi\",\"isPartOf\":{\"@id\":\"https:\/\/nanovi-staging.invictus-lead-generation.com\/#website\"},\"primaryImageOfPage\":{\"@id\":\"https:\/\/nanovi-staging.invictus-lead-generation.com\/einrichtung-und-betrieb\/#primaryimage\"},\"image\":{\"@id\":\"https:\/\/nanovi-staging.invictus-lead-generation.com\/einrichtung-und-betrieb\/#primaryimage\"},\"thumbnailUrl\":\"https:\/\/nanovi-staging.invictus-lead-generation.com\/wp-content\/uploads\/2025\/07\/NanoVi-Exo-e1662504085858-1024x943.png\",\"datePublished\":\"2026-01-05T09:52:12+00:00\",\"dateModified\":\"2026-01-29T13:40:36+00:00\",\"breadcrumb\":{\"@id\":\"https:\/\/nanovi-staging.invictus-lead-generation.com\/einrichtung-und-betrieb\/#breadcrumb\"},\"inLanguage\":\"en-US\",\"potentialAction\":[{\"@type\":\"ReadAction\",\"target\":[\"https:\/\/nanovi-staging.invictus-lead-generation.com\/einrichtung-und-betrieb\/\"]}]},{\"@type\":\"ImageObject\",\"inLanguage\":\"en-US\",\"@id\":\"https:\/\/nanovi-staging.invictus-lead-generation.com\/einrichtung-und-betrieb\/#primaryimage\",\"url\":\"https:\/\/nanovi-staging.invictus-lead-generation.com\/wp-content\/uploads\/2025\/07\/NanoVi-Exo-e1662504085858-1024x943.png\",\"contentUrl\":\"https:\/\/nanovi-staging.invictus-lead-generation.com\/wp-content\/uploads\/2025\/07\/NanoVi-Exo-e1662504085858-1024x943.png\"},{\"@type\":\"BreadcrumbList\",\"@id\":\"https:\/\/nanovi-staging.invictus-lead-generation.com\/einrichtung-und-betrieb\/#breadcrumb\",\"itemListElement\":[{\"@type\":\"ListItem\",\"position\":1,\"name\":\"Startseite\",\"item\":\"https:\/\/nanovi-staging.invictus-lead-generation.com\/\"},{\"@type\":\"ListItem\",\"position\":2,\"name\":\"Einrichtung und Betrieb\"}]},{\"@type\":\"WebSite\",\"@id\":\"https:\/\/nanovi-staging.invictus-lead-generation.com\/#website\",\"url\":\"https:\/\/nanovi-staging.invictus-lead-generation.com\/\",\"name\":\"Nanovi\",\"description\":\"\",\"publisher\":{\"@id\":\"https:\/\/nanovi-staging.invictus-lead-generation.com\/#organization\"},\"potentialAction\":[{\"@type\":\"SearchAction\",\"target\":{\"@type\":\"EntryPoint\",\"urlTemplate\":\"https:\/\/nanovi-staging.invictus-lead-generation.com\/?s={search_term_string}\"},\"query-input\":{\"@type\":\"PropertyValueSpecification\",\"valueRequired\":true,\"valueName\":\"search_term_string\"}}],\"inLanguage\":\"en-US\"},{\"@type\":\"Organization\",\"@id\":\"https:\/\/nanovi-staging.invictus-lead-generation.com\/#organization\",\"name\":\"Nanovi\",\"url\":\"https:\/\/nanovi-staging.invictus-lead-generation.com\/\",\"logo\":{\"@type\":\"ImageObject\",\"inLanguage\":\"en-US\",\"@id\":\"https:\/\/nanovi-staging.invictus-lead-generation.com\/#\/schema\/logo\/image\/\",\"url\":\"https:\/\/nanovi-staging.invictus-lead-generation.com\/wp-content\/uploads\/2025\/07\/NanoviFooterLogov2-1024x228-1-1.png\",\"contentUrl\":\"https:\/\/nanovi-staging.invictus-lead-generation.com\/wp-content\/uploads\/2025\/07\/NanoviFooterLogov2-1024x228-1-1.png\",\"width\":1024,\"height\":228,\"caption\":\"Nanovi\"},\"image\":{\"@id\":\"https:\/\/nanovi-staging.invictus-lead-generation.com\/#\/schema\/logo\/image\/\"}}]}<\/script>\n<!-- \/ Yoast SEO plugin. -->","yoast_head_json":{"title":"Einrichtung und Betrieb - Nanovi","robots":{"index":"noindex","follow":"follow","max-snippet":"max-snippet:-1","max-image-preview":"max-image-preview:large","max-video-preview":"max-video-preview:-1"},"og_locale":"en_US","og_type":"article","og_title":"Einrichtung und Betrieb - Nanovi","og_description":"Einrichtung und Betrieb Einfache Handhabung, maximaler Therapieerfolg Einrichtung Wasser einf\u00fcllen: F\u00fcllen Sie den Glasbeh\u00e4lter mit destilliertem, gereinigtem oder osmotischem Wasser. Achten Sie darauf, dass der Wasserstand zwischen den Markierungen liegt. Befeuchter montieren und einsetzen: Schrauben Sie den Befeuchteraufsatz auf den Glasbeh\u00e4lter und setzen Sie die Einheit anschlie\u00dfend oben in das NanoVi-Ger\u00e4t ein. Achten Sie dabei [&hellip;]","og_url":"https:\/\/nanovi-staging.invictus-lead-generation.com\/en\/einrichtung-und-betrieb\/","og_site_name":"Nanovi","article_modified_time":"2026-01-29T13:40:36+00:00","og_image":[{"width":1133,"height":1043,"url":"https:\/\/nanovi-staging.invictus-lead-generation.com\/wp-content\/uploads\/2025\/07\/NanoVi-Exo-e1662504085858.png","type":"image\/png"}],"twitter_card":"summary_large_image","twitter_misc":{"Est. reading time":"3 minutes"},"schema":{"@context":"https:\/\/schema.org","@graph":[{"@type":"WebPage","@id":"https:\/\/nanovi-staging.invictus-lead-generation.com\/einrichtung-und-betrieb\/","url":"https:\/\/nanovi-staging.invictus-lead-generation.com\/einrichtung-und-betrieb\/","name":"Einrichtung und Betrieb - Nanovi","isPartOf":{"@id":"https:\/\/nanovi-staging.invictus-lead-generation.com\/#website"},"primaryImageOfPage":{"@id":"https:\/\/nanovi-staging.invictus-lead-generation.com\/einrichtung-und-betrieb\/#primaryimage"},"image":{"@id":"https:\/\/nanovi-staging.invictus-lead-generation.com\/einrichtung-und-betrieb\/#primaryimage"},"thumbnailUrl":"https:\/\/nanovi-staging.invictus-lead-generation.com\/wp-content\/uploads\/2025\/07\/NanoVi-Exo-e1662504085858-1024x943.png","datePublished":"2026-01-05T09:52:12+00:00","dateModified":"2026-01-29T13:40:36+00:00","breadcrumb":{"@id":"https:\/\/nanovi-staging.invictus-lead-generation.com\/einrichtung-und-betrieb\/#breadcrumb"},"inLanguage":"en-US","potentialAction":[{"@type":"ReadAction","target":["https:\/\/nanovi-staging.invictus-lead-generation.com\/einrichtung-und-betrieb\/"]}]},{"@type":"ImageObject","inLanguage":"en-US","@id":"https:\/\/nanovi-staging.invictus-lead-generation.com\/einrichtung-und-betrieb\/#primaryimage","url":"https:\/\/nanovi-staging.invictus-lead-generation.com\/wp-content\/uploads\/2025\/07\/NanoVi-Exo-e1662504085858-1024x943.png","contentUrl":"https:\/\/nanovi-staging.invictus-lead-generation.com\/wp-content\/uploads\/2025\/07\/NanoVi-Exo-e1662504085858-1024x943.png"},{"@type":"BreadcrumbList","@id":"https:\/\/nanovi-staging.invictus-lead-generation.com\/einrichtung-und-betrieb\/#breadcrumb","itemListElement":[{"@type":"ListItem","position":1,"name":"Startseite","item":"https:\/\/nanovi-staging.invictus-lead-generation.com\/"},{"@type":"ListItem","position":2,"name":"Einrichtung und Betrieb"}]},{"@type":"WebSite","@id":"https:\/\/nanovi-staging.invictus-lead-generation.com\/#website","url":"https:\/\/nanovi-staging.invictus-lead-generation.com\/","name":"Nanovi","description":"","publisher":{"@id":"https:\/\/nanovi-staging.invictus-lead-generation.com\/#organization"},"potentialAction":[{"@type":"SearchAction","target":{"@type":"EntryPoint","urlTemplate":"https:\/\/nanovi-staging.invictus-lead-generation.com\/?s={search_term_string}"},"query-input":{"@type":"PropertyValueSpecification","valueRequired":true,"valueName":"search_term_string"}}],"inLanguage":"en-US"},{"@type":"Organization","@id":"https:\/\/nanovi-staging.invictus-lead-generation.com\/#organization","name":"Nanovi","url":"https:\/\/nanovi-staging.invictus-lead-generation.com\/","logo":{"@type":"ImageObject","inLanguage":"en-US","@id":"https:\/\/nanovi-staging.invictus-lead-generation.com\/#\/schema\/logo\/image\/","url":"https:\/\/nanovi-staging.invictus-lead-generation.com\/wp-content\/uploads\/2025\/07\/NanoviFooterLogov2-1024x228-1-1.png","contentUrl":"https:\/\/nanovi-staging.invictus-lead-generation.com\/wp-content\/uploads\/2025\/07\/NanoviFooterLogov2-1024x228-1-1.png","width":1024,"height":228,"caption":"Nanovi"},"image":{"@id":"https:\/\/nanovi-staging.invictus-lead-generation.com\/#\/schema\/logo\/image\/"}}]}},"_links":{"self":[{"href":"https:\/\/nanovi-staging.invictus-lead-generation.com\/en\/wp-json\/wp\/v2\/pages\/4126","targetHints":{"allow":["GET"]}}],"collection":[{"href":"https:\/\/nanovi-staging.invictus-lead-generation.com\/en\/wp-json\/wp\/v2\/pages"}],"about":[{"href":"https:\/\/nanovi-staging.invictus-lead-generation.com\/en\/wp-json\/wp\/v2\/types\/page"}],"author":[{"embeddable":true,"href":"https:\/\/nanovi-staging.invictus-lead-generation.com\/en\/wp-json\/wp\/v2\/users\/5"}],"replies":[{"embeddable":true,"href":"https:\/\/nanovi-staging.invictus-lead-generation.com\/en\/wp-json\/wp\/v2\/comments?post=4126"}],"version-history":[{"count":10,"href":"https:\/\/nanovi-staging.invictus-lead-generation.com\/en\/wp-json\/wp\/v2\/pages\/4126\/revisions"}],"predecessor-version":[{"id":4944,"href":"https:\/\/nanovi-staging.invictus-lead-generation.com\/en\/wp-json\/wp\/v2\/pages\/4126\/revisions\/4944"}],"wp:attachment":[{"href":"https:\/\/nanovi-staging.invictus-lead-generation.com\/en\/wp-json\/wp\/v2\/media?parent=4126"}],"curies":[{"name":"wp","href":"https:\/\/api.w.org\/{rel}","templated":true}]}}